{"id":103,"date":"2018-08-03T07:06:06","date_gmt":"2018-08-03T07:06:06","guid":{"rendered":"https:\/\/labtechco-demo.pbminfotech.com\/?page_id=6642"},"modified":"2026-05-07T00:00:26","modified_gmt":"2026-05-07T00:00:26","slug":"news","status":"publish","type":"page","link":"https:\/\/ummisco.fr\/en\/actualite\/","title":{"rendered":"News"},"content":{"rendered":"<div data-elementor-type=\"wp-page\" data-elementor-id=\"103\" class=\"elementor elementor-103\" data-elementor-post-type=\"page\">\n\t\t\t\t\t\t<section class=\"elementor-section elementor-top-section elementor-element elementor-element-dc86974 elementor-section-full_width ts-col-stretched-none ts-bg-color-over-image elementor-section-height-default elementor-section-height-default\" data-id=\"dc86974\" data-element_type=\"section\" data-e-type=\"section\">\n\t\t\t\t\t\t<div class=\"elementor-container elementor-column-gap-default\">\n\t\t\t\t\t<div class=\"elementor-column elementor-col-100 elementor-top-column elementor-element elementor-element-42d72f4 ts-bg-color-over-image\" data-id=\"42d72f4\" data-element_type=\"column\" data-e-type=\"column\">\n\t\t\t<div class=\"elementor-widget-wrap elementor-element-populated\">\n\t\t\t\t\t\t<div class=\"elementor-element elementor-element-aa0ca67 elementor-widget elementor-widget-ts_blog_element\" data-id=\"aa0ca67\" data-element_type=\"widget\" data-e-type=\"widget\" data-widget_type=\"ts_blog_element.default\">\n\t\t\t\t<div class=\"elementor-widget-container\">\n\t\t\t\t\t<div class=\"themestek-boxes themestek-boxes-blog themestek-boxes-element-blog-style-1 themestek-boxes-view-default themestek-boxes-col-three themestek-boxes-sortable- themestek-boxes-textalign-left themestek-boxes-sortablebutton- themestek-boxes-spacing-default\">\r\n\t\t<div class=\"themestek-boxes-inner themestek-boxes-blog-inner\">\t<div class=\"ts-heading-subheading\"><\/div><\/div><!-- .themestek-boxes-inner -->   <\/div><!-- .themestek-boxes -->  \t\t\t\t<\/div>\n\t\t\t\t<\/div>\n\t\t\t\t\t<\/div>\n\t\t<\/div>\n\t\t\t\t\t<\/div>\n\t\t<\/section>\n\t\t\t\t<\/div>","protected":false},"excerpt":{"rendered":"<p>Author By UMMISCOPosted on f\u00e9vrier 18, 2018f\u00e9vrier 25, 2026 Focus sur le Centre Asie du Sud-Est : axes de recherche et dynamiques scientifiques Le Centre Asie du Sud-Est m\u00e8ne des recherches interdisciplinaires sur les dynamiques socio-environnementales et territoriales, en mobilisant la mod\u00e9lisation et des approches participatives au service de la compr\u00e9hension et de l\u2019aide \u00e0 &hellip; <a href=\"https:\/\/ummisco.fr\/en\/actualite\/\" class=\"more-link\" title=\"Continue reading &lt;span class=\"screen-reader-text\">News<\/span>\u201c&gt;Continue reading <span class=\"screen-reader-text\">News<\/span><\/a><\/p>","protected":false},"author":1,"featured_media":0,"parent":0,"menu_order":26,"comment_status":"closed","ping_status":"closed","template":"","meta":{"_acf_changed":false,"postBodyCss":"","postBodyMargin":[],"postBodyPadding":[],"postBodyBackground":{"backgroundType":"classic","gradient":""},"footnotes":""},"class_list":["post-103","page","type-page","status-publish","hentry"],"acf":[],"_hostinger_reach_plugin_has_subscription_block":false,"_hostinger_reach_plugin_is_elementor":false,"_links":{"self":[{"href":"https:\/\/ummisco.fr\/en\/wp-json\/wp\/v2\/pages\/103","targetHints":{"allow":["GET"]}}],"collection":[{"href":"https:\/\/ummisco.fr\/en\/wp-json\/wp\/v2\/pages"}],"about":[{"href":"https:\/\/ummisco.fr\/en\/wp-json\/wp\/v2\/types\/page"}],"author":[{"embeddable":true,"href":"https:\/\/ummisco.fr\/en\/wp-json\/wp\/v2\/users\/1"}],"replies":[{"embeddable":true,"href":"https:\/\/ummisco.fr\/en\/wp-json\/wp\/v2\/comments?post=103"}],"version-history":[{"count":0,"href":"https:\/\/ummisco.fr\/en\/wp-json\/wp\/v2\/pages\/103\/revisions"}],"wp:attachment":[{"href":"https:\/\/ummisco.fr\/en\/wp-json\/wp\/v2\/media?parent=103"}],"curies":[{"name":"wp","href":"https:\/\/api.w.org\/{rel}","templated":true}]}}